{"id":12,"date":"2022-12-11T01:00:13","date_gmt":"2022-12-11T00:00:13","guid":{"rendered":"https:\/\/tap-besse.de\/?page_id=12"},"modified":"2022-12-16T22:24:55","modified_gmt":"2022-12-16T21:24:55","slug":"startseite","status":"publish","type":"page","link":"https:\/\/tap-besse.de\/","title":{"rendered":"Startseite"},"content":{"rendered":"\n<p>Willkommen auf der Internetseite der <strong>Tierarztpraxis Dres Dorothee und Arno Besse in Lebach<\/strong>. Unsere Praxis ist auf die<strong> Behandlung <\/strong>von<strong> Kleintieren <\/strong>und<strong> Pferden<\/strong> spezialisiert.<\/p>\n\n\n\n<div class=\"wp-block-group\"><div class=\"wp-block-group__inner-container is-layout-constrained wp-block-group-is-layout-constrained\"><div class=\"wp-block-image\">\n<figure class=\"aligncenter size-full is-resized\"><img loading=\"lazy\" decoding=\"async\" src=\"https:\/\/tap-besse.de\/wp-content\/uploads\/2022\/12\/bild_anmeldung_615x461px-01-Kopie.jpg\" alt=\"\" class=\"wp-image-14\" width=\"719\" height=\"539\" srcset=\"https:\/\/tap-besse.de\/wp-content\/uploads\/2022\/12\/bild_anmeldung_615x461px-01-Kopie.jpg 615w, https:\/\/tap-besse.de\/wp-content\/uploads\/2022\/12\/bild_anmeldung_615x461px-01-Kopie-300x225.jpg 300w\" sizes=\"auto, (max-width: 719px) 100vw, 719px\" \/><figcaption class=\"wp-element-caption\">Unser Eingangsbereich<\/figcaption><\/figure>\n<\/div>\n\n\n<figure class=\"wp-block-image size-full is-resized\"><img loading=\"lazy\" decoding=\"async\" src=\"https:\/\/tap-besse.de\/wp-content\/uploads\/2022\/12\/bild_wartezimmer.jpg\" alt=\"\" class=\"wp-image-26\" width=\"761\" height=\"571\" srcset=\"https:\/\/tap-besse.de\/wp-content\/uploads\/2022\/12\/bild_wartezimmer.jpg 615w, https:\/\/tap-besse.de\/wp-content\/uploads\/2022\/12\/bild_wartezimmer-300x225.jpg 300w\" sizes=\"auto, (max-width: 761px) 100vw, 761px\" \/><figcaption class=\"wp-element-caption\">Unser Wartebereich<\/figcaption><\/figure>\n<\/div><\/div>\n\n\n\n<p class=\"has-text-align-center\">Seit nunmehr 20 Jahren sind wir&nbsp;Mitglied der&nbsp;Akademie f\u00fcr Tier\u00e4rztliche Fortbildung&nbsp;&nbsp;ATF&nbsp; sowie der&nbsp;Gesellschaft f\u00fcr Ganzheitliche Tiermedizin&nbsp;GGTM<\/p>\n\n\n\n<p class=\"has-text-align-center\"><br><img loading=\"lazy\" decoding=\"async\" width=\"100\" height=\"136\" class=\"wp-image-36\" style=\"width: 100px;\" src=\"https:\/\/tap-besse.de\/wp-content\/uploads\/2022\/12\/Logo-ggtm.jpg\" alt=\"\" srcset=\"https:\/\/tap-besse.de\/wp-content\/uploads\/2022\/12\/Logo-ggtm.jpg 236w, https:\/\/tap-besse.de\/wp-content\/uploads\/2022\/12\/Logo-ggtm-220x300.jpg 220w\" sizes=\"auto, (max-width: 100px) 100vw, 100px\" \/> <img loading=\"lazy\" decoding=\"async\" width=\"150\" height=\"150\" class=\"wp-image-35\" style=\"width: 150px;\" src=\"https:\/\/tap-besse.de\/wp-content\/uploads\/2022\/12\/logo-ATF.png\" alt=\"\" srcset=\"https:\/\/tap-besse.de\/wp-content\/uploads\/2022\/12\/logo-ATF.png 175w, https:\/\/tap-besse.de\/wp-content\/uploads\/2022\/12\/logo-ATF-150x150.png 150w\" sizes=\"auto, (max-width: 150px) 100vw, 150px\" \/><\/p>\n","protected":false},"excerpt":{"rendered":"<p>Willkommen auf der Internetseite der Tierarztpraxis Dres Dorothee und Arno Besse in Lebach. Unsere Praxis ist auf die Behandlung von Kleintieren und Pferden spezialisiert. Seit nunmehr 20 Jahren sind wir&nbsp;Mitglied der&nbsp;Akademie f\u00fcr Tier\u00e4rztliche Fortbildung&nbsp;&nbsp;ATF&nbsp; sowie der&nbsp;Gesellschaft f\u00fcr Ganzheitliche Tiermedizin&nbsp;GGTM<\/p>\n","protected":false},"author":1,"featured_media":0,"parent":0,"menu_order":0,"comment_status":"closed","ping_status":"closed","template":"","meta":{"footnotes":""},"class_list":["post-12","page","type-page","status-publish"],"_links":{"self":[{"href":"https:\/\/tap-besse.de\/index.php?rest_route=\/wp\/v2\/pages\/12","targetHints":{"allow":["GET"]}}],"collection":[{"href":"https:\/\/tap-besse.de\/index.php?rest_route=\/wp\/v2\/pages"}],"about":[{"href":"https:\/\/tap-besse.de\/index.php?rest_route=\/wp\/v2\/types\/page"}],"author":[{"embeddable":true,"href":"https:\/\/tap-besse.de\/index.php?rest_route=\/wp\/v2\/users\/1"}],"replies":[{"embeddable":true,"href":"https:\/\/tap-besse.de\/index.php?rest_route=%2Fwp%2Fv2%2Fcomments&post=12"}],"version-history":[{"count":13,"href":"https:\/\/tap-besse.de\/index.php?rest_route=\/wp\/v2\/pages\/12\/revisions"}],"predecessor-version":[{"id":209,"href":"https:\/\/tap-besse.de\/index.php?rest_route=\/wp\/v2\/pages\/12\/revisions\/209"}],"wp:attachment":[{"href":"https:\/\/tap-besse.de\/index.php?rest_route=%2Fwp%2Fv2%2Fmedia&parent=12"}],"curies":[{"name":"wp","href":"https:\/\/api.w.org\/{rel}","templated":true}]}}