{"id":72,"date":"2022-12-11T01:41:12","date_gmt":"2022-12-11T00:41:12","guid":{"rendered":"https:\/\/tap-besse.de\/?page_id=72"},"modified":"2022-12-13T17:19:31","modified_gmt":"2022-12-13T16:19:31","slug":"notdienst","status":"publish","type":"page","link":"https:\/\/tap-besse.de\/?page_id=72","title":{"rendered":"Notdienst"},"content":{"rendered":"\n<p>Informationen zum aktuellen Notdienst finden Sie hier:<\/p>\n\n\n\n<p><a href=\"https:\/\/www.tierarzt-saar.de\/de\/startseite\/\">https:\/\/www.tierarzt-saar.de\/de\/startseite\/<\/a><\/p>\n\n\n\n<p>Der <strong>Tier\u00e4rztliche Notdienst<\/strong> beginnt am entsprechenden Tag um <strong>8.00 morgens <\/strong>und endet um <strong>22.00 abends<\/strong>. Ab dann \u00fcbernimmt im Saarland  die <strong>Tierkinik Elverberg<\/strong> den Dienst bis am n\u00e4chsten morgen um 8.00 Uhr.<\/p>\n","protected":false},"excerpt":{"rendered":"<p>Informationen zum aktuellen Notdienst finden Sie hier: https:\/\/www.tierarzt-saar.de\/de\/startseite\/ Der Tier\u00e4rztliche Notdienst beginnt am entsprechenden Tag um 8.00 morgens und endet um 22.00 abends. Ab dann \u00fcbernimmt im Saarland die Tierkinik Elverberg den Dienst bis am n\u00e4chsten morgen um 8.00 Uhr.<\/p>\n","protected":false},"author":1,"featured_media":0,"parent":0,"menu_order":0,"comment_status":"closed","ping_status":"closed","template":"","meta":{"footnotes":""},"class_list":["post-72","page","type-page","status-publish"],"_links":{"self":[{"href":"https:\/\/tap-besse.de\/index.php?rest_route=\/wp\/v2\/pages\/72","targetHints":{"allow":["GET"]}}],"collection":[{"href":"https:\/\/tap-besse.de\/index.php?rest_route=\/wp\/v2\/pages"}],"about":[{"href":"https:\/\/tap-besse.de\/index.php?rest_route=\/wp\/v2\/types\/page"}],"author":[{"embeddable":true,"href":"https:\/\/tap-besse.de\/index.php?rest_route=\/wp\/v2\/users\/1"}],"replies":[{"embeddable":true,"href":"https:\/\/tap-besse.de\/index.php?rest_route=%2Fwp%2Fv2%2Fcomments&post=72"}],"version-history":[{"count":3,"href":"https:\/\/tap-besse.de\/index.php?rest_route=\/wp\/v2\/pages\/72\/revisions"}],"predecessor-version":[{"id":249,"href":"https:\/\/tap-besse.de\/index.php?rest_route=\/wp\/v2\/pages\/72\/revisions\/249"}],"wp:attachment":[{"href":"https:\/\/tap-besse.de\/index.php?rest_route=%2Fwp%2Fv2%2Fmedia&parent=72"}],"curies":[{"name":"wp","href":"https:\/\/api.w.org\/{rel}","templated":true}]}}